{"id":21,"date":"2024-03-12T10:21:15","date_gmt":"2024-03-12T09:21:15","guid":{"rendered":"https:\/\/gbrefonte.com\/?page_id=21"},"modified":"2024-03-19T10:06:27","modified_gmt":"2024-03-19T09:06:27","slug":"notre-histoire","status":"publish","type":"page","link":"https:\/\/gbrefonte.com\/?page_id=21","title":{"rendered":"Notre histoire"},"content":{"rendered":"\t\t<div data-elementor-type=\"wp-page\" data-elementor-id=\"21\" class=\"elementor elementor-21\">\n\t\t\t\t<div class=\"elementor-element elementor-element-4cb53cb e-flex e-con-boxed e-con e-parent\" data-id=\"4cb53cb\" data-element_type=\"container\" data-settings=\"{&quot;background_background&quot;:&quot;slideshow&quot;,&quot;background_slideshow_gallery&quot;:[{&quot;id&quot;:164,&quot;url&quot;:&quot;https:\\\/\\\/gbrefonte.com\\\/wp-content\\\/uploads\\\/2024\\\/03\\\/Sarahdom_farmers_03-1.jpg&quot;}],&quot;shape_divider_bottom&quot;:&quot;curve&quot;,&quot;shape_divider_bottom_negative&quot;:&quot;yes&quot;,&quot;background_slideshow_loop&quot;:&quot;yes&quot;,&quot;background_slideshow_slide_duration&quot;:5000,&quot;background_slideshow_slide_transition&quot;:&quot;fade&quot;,&quot;background_slideshow_transition_duration&quot;:500}\">\n\t\t\t\t\t<div class=\"e-con-inner\">\n\t\t\t\t<div class=\"elementor-shape elementor-shape-bottom\" data-negative=\"true\">\n\t\t\t<svg xmlns=\"http:\/\/www.w3.org\/2000\/svg\" viewBox=\"0 0 1000 100\" preserveAspectRatio=\"none\">\n\t<path class=\"elementor-shape-fill\" d=\"M500,97C126.7,96.3,0.8,19.8,0,0v100l1000,0V1C1000,19.4,873.3,97.8,500,97z\"\/>\n<\/svg>\t\t<\/div>\n\t\t\t\t<div class=\"elementor-element elementor-element-161331a elementor-widget elementor-widget-heading\" data-id=\"161331a\" data-element_type=\"widget\" data-widget_type=\"heading.default\">\n\t\t\t\t<div class=\"elementor-widget-container\">\n\t\t\t\t\t<h2 class=\"elementor-heading-title elementor-size-default\">Qui somme nous !<\/h2>\t\t\t\t<\/div>\n\t\t\t\t<\/div>\n\t\t\t\t<div class=\"elementor-element elementor-element-4c5ea6b elementor-widget elementor-widget-heading\" data-id=\"4c5ea6b\" data-element_type=\"widget\" data-widget_type=\"heading.default\">\n\t\t\t\t<div class=\"elementor-widget-container\">\n\t\t\t\t\t<h2 class=\"elementor-heading-title elementor-size-default\">Sarah et Dominique<\/h2>\t\t\t\t<\/div>\n\t\t\t\t<\/div>\n\t\t\t\t\t<\/div>\n\t\t\t\t<\/div>\n\t\t<div class=\"elementor-element elementor-element-ee60a47 e-flex e-con-boxed e-con e-parent\" data-id=\"ee60a47\" data-element_type=\"container\">\n\t\t\t\t\t<div class=\"e-con-inner\">\n\t\t\t\t<div class=\"elementor-element elementor-element-83ad92f elementor-widget elementor-widget-spacer\" data-id=\"83ad92f\" data-element_type=\"widget\" data-widget_type=\"spacer.default\">\n\t\t\t\t<div class=\"elementor-widget-container\">\n\t\t\t\t\t\t\t<div class=\"elementor-spacer\">\n\t\t\t<div class=\"elementor-spacer-inner\"><\/div>\n\t\t<\/div>\n\t\t\t\t\t\t<\/div>\n\t\t\t\t<\/div>\n\t\t\t\t\t<\/div>\n\t\t\t\t<\/div>\n\t\t<div class=\"elementor-element elementor-element-1a4a633 e-flex e-con-boxed e-con e-parent\" data-id=\"1a4a633\" data-element_type=\"container\">\n\t\t\t\t\t<div class=\"e-con-inner\">\n\t\t\t\t<div class=\"elementor-element elementor-element-778537f elementor-widget elementor-widget-heading\" data-id=\"778537f\" data-element_type=\"widget\" data-widget_type=\"heading.default\">\n\t\t\t\t<div class=\"elementor-widget-container\">\n\t\t\t\t\t<h2 class=\"elementor-heading-title elementor-size-default\">D\u00e9couvrez l\u2019histoire de la cr\u00e9ation des savons Gabras Rosas par Sarah et Dominique ! <\/h2>\t\t\t\t<\/div>\n\t\t\t\t<\/div>\n\t\t\t\t\t<\/div>\n\t\t\t\t<\/div>\n\t\t<div class=\"elementor-element elementor-element-c4b0dad e-flex e-con-boxed e-con e-parent\" data-id=\"c4b0dad\" data-element_type=\"container\" data-settings=\"{&quot;background_background&quot;:&quot;classic&quot;}\">\n\t\t\t\t\t<div class=\"e-con-inner\">\n\t\t\t\t<div class=\"elementor-element elementor-element-ef93f1f elementor-widget elementor-widget-heading\" data-id=\"ef93f1f\" data-element_type=\"widget\" data-widget_type=\"heading.default\">\n\t\t\t\t<div class=\"elementor-widget-container\">\n\t\t\t\t\t<h2 class=\"elementor-heading-title elementor-size-default\">FAQ<\/h2>\t\t\t\t<\/div>\n\t\t\t\t<\/div>\n\t\t\t\t<div class=\"elementor-element elementor-element-bedfa6d elementor-widget elementor-widget-heading\" data-id=\"bedfa6d\" data-element_type=\"widget\" data-widget_type=\"heading.default\">\n\t\t\t\t<div class=\"elementor-widget-container\">\n\t\t\t\t\t<h2 class=\"elementor-heading-title elementor-size-default\">Les questions Fr\u00e9quentes <\/h2>\t\t\t\t<\/div>\n\t\t\t\t<\/div>\n\t\t\t\t<div class=\"elementor-element elementor-element-504599d elementor-widget elementor-widget-spacer\" data-id=\"504599d\" data-element_type=\"widget\" data-widget_type=\"spacer.default\">\n\t\t\t\t<div class=\"elementor-widget-container\">\n\t\t\t\t\t\t\t<div class=\"elementor-spacer\">\n\t\t\t<div class=\"elementor-spacer-inner\"><\/div>\n\t\t<\/div>\n\t\t\t\t\t\t<\/div>\n\t\t\t\t<\/div>\n\t\t<div class=\"elementor-element elementor-element-9d26967 e-flex e-con-boxed e-con e-child\" data-id=\"9d26967\" data-element_type=\"container\">\n\t\t\t\t\t<div class=\"e-con-inner\">\n\t\t<div class=\"elementor-element elementor-element-496b44b e-flex e-con-boxed e-con e-child\" data-id=\"496b44b\" data-element_type=\"container\">\n\t\t\t\t\t<div class=\"e-con-inner\">\n\t\t\t\t<div class=\"elementor-element elementor-element-d41ed36 elementor-widget elementor-widget-sp_easy_accordion_pro_shortcode\" data-id=\"d41ed36\" data-element_type=\"widget\" data-widget_type=\"sp_easy_accordion_pro_shortcode.default\">\n\t\t\t\t<div class=\"elementor-widget-container\">\n\t\t\t\t\t<style>#sp-ea-216 .spcollapsing { height: 0; overflow: hidden; transition-property: height;transition-duration: 300ms;}#sp-ea-216.sp-easy-accordion>.sp-ea-single {margin-bottom: 10px; border: 1px solid #efdfd3; }#sp-ea-216.sp-easy-accordion>.sp-ea-single>.ea-header a {color: #444;}#sp-ea-216.sp-easy-accordion>.sp-ea-single>.sp-collapse>.ea-body {background: #efdfd3; color: #444;}#sp-ea-216.sp-easy-accordion>.sp-ea-single {background: #efdfd3;}#sp-ea-216.sp-easy-accordion>.sp-ea-single>.ea-header a .ea-expand-icon { float: right; color: #3f673b;font-size: 16px;}#sp-ea-216.sp-easy-accordion>.sp-ea-single>.ea-header a .ea-expand-icon {margin-right: 0;}<\/style><div id=\"sp_easy_accordion-1710517572\"><div id=\"sp-ea-216\" class=\"sp-ea-one sp-easy-accordion\" data-ex-icon=\"minus\" data-col-icon=\"plus\"  data-ea-active=\"ea-click\"  data-ea-mode=\"vertical\" data-preloader=\"\" data-scroll-active-item=\"\" data-offset-to-scroll=\"0\"><div class=\"ea-card ea-expand sp-ea-single\"><h3 class=\"ea-header\"><a class=\"collapsed\" id=\"ea-header-2160\" data-sptoggle=\"spcollapse\" data-sptarget=\"#collapse2160\" aria-controls=\"collapse2160\" href=\"javascript:void(0)\"  aria-expanded=\"true\" tabindex=\"0\"><i class=\"ea-expand-icon ea-icon-expand-minus\"><\/i> D\u2019ou vient GabrasRosa ?<\/a><\/h3><div class=\"sp-collapse spcollapse collapsed show\" id=\"collapse2160\" data-parent=\"#sp-ea-216\" role=\"region\" aria-labelledby=\"ea-header-2160\"><div class=\"ea-body\"><p>La savonnerie Gabrasrosa est un projet de couple.<br \/>\nApr\u00e8s une carri\u00e8re de bucheron-sylviculteur, Dominique a eu envie de changer de m\u00e9tier pour se pr\u00e9server physiquement. Pour ma part, \u00e0 c\u00f4t\u00e9 de mon emploi de formatrice en gestion d\u2019entreprise agricole, j\u2019avais depuis longtemps un grand jardin et 2 ch\u00e8vres pour notre consommation familiale de lait, mais comme Dominique, j\u2019avais envie de plus. Plus d\u2019espace pour exp\u00e9rimenter des techniques agricoles alternatives, plus de libert\u00e9 d\u2019agir, plus de contact avec les esp\u00e8ces sauvages.<\/p>\n<p>&nbsp;<\/p>\n<\/div><\/div><\/div><div class=\"ea-card  sp-ea-single\"><h3 class=\"ea-header\"><a class=\"collapsed\" id=\"ea-header-2161\" data-sptoggle=\"spcollapse\" data-sptarget=\"#collapse2161\" aria-controls=\"collapse2161\" href=\"javascript:void(0)\"  aria-expanded=\"false\" tabindex=\"0\"><i class=\"ea-expand-icon ea-icon-expand-plus\"><\/i> Qu\u2019elle est votre phylosophie ? <\/a><\/h3><div class=\"sp-collapse spcollapse \" id=\"collapse2161\" data-parent=\"#sp-ea-216\" role=\"region\" aria-labelledby=\"ea-header-2161\"><div class=\"ea-body\"><p>Nos pratiques agro-\u00e9cologiques et la certification AB de la ferme favorisent la biodiversit\u00e9 naturelle et cultiv\u00e9e. Nous avons ainsi choisi d\u2019\u00e9lever, en plus des Ch\u00e8vres de Lorraine, des moutons Thones et Marthod, des chevaux Camargue et Pur Sag Arabe et diverses volailles. Nous avons aussi mis en place un syst\u00e8me agroforestier et des vergers combin\u00e9s aux plantes \u00e0 parfum.<\/p>\n<\/div><\/div><\/div><div class=\"ea-card  sp-ea-single\"><h3 class=\"ea-header\"><a class=\"collapsed\" id=\"ea-header-2162\" data-sptoggle=\"spcollapse\" data-sptarget=\"#collapse2162\" aria-controls=\"collapse2162\" href=\"javascript:void(0)\"  aria-expanded=\"false\" tabindex=\"0\"><i class=\"ea-expand-icon ea-icon-expand-plus\"><\/i> Des concours ? <\/a><\/h3><div class=\"sp-collapse spcollapse \" id=\"collapse2162\" data-parent=\"#sp-ea-216\" role=\"region\" aria-labelledby=\"ea-header-2162\"><div class=\"ea-body\"><p>Nos projets ont \u00e9t\u00e9 r\u00e9compens\u00e9s par un prix du Concours \u00ab\u00a0Arbres d\u2019Avenir\u00a0\u00bb, une r\u00e9compense du concours \u00ab\u00a0Id\u00e9es Inspir\u00e9es\u00a0\u00bb du d\u00e9partement de la Haute-Marne et le premier prix de la Fondation du Patrimoine pour la Biodiversit\u00e9 Animale.<\/p>\n<\/div><\/div><\/div><\/div><\/div>\t\t\t\t<\/div>\n\t\t\t\t<\/div>\n\t\t\t\t\t<\/div>\n\t\t\t\t<\/div>\n\t\t<div class=\"elementor-element elementor-element-b10d56f e-flex e-con-boxed e-con e-child\" data-id=\"b10d56f\" data-element_type=\"container\">\n\t\t\t\t\t<div class=\"e-con-inner\">\n\t\t\t\t<div class=\"elementor-element elementor-element-58b96ed elementor-widget elementor-widget-sp_easy_accordion_pro_shortcode\" data-id=\"58b96ed\" data-element_type=\"widget\" data-widget_type=\"sp_easy_accordion_pro_shortcode.default\">\n\t\t\t\t<div class=\"elementor-widget-container\">\n\t\t\t\t\t<style>#sp-ea-218 .spcollapsing { height: 0; overflow: hidden; transition-property: height;transition-duration: 300ms;}#sp-ea-218.sp-easy-accordion>.sp-ea-single {margin-bottom: 10px; border: 1px solid #efdfd3; }#sp-ea-218.sp-easy-accordion>.sp-ea-single>.ea-header a {color: #444;}#sp-ea-218.sp-easy-accordion>.sp-ea-single>.sp-collapse>.ea-body {background: #efdfd3; color: #444;}#sp-ea-218.sp-easy-accordion>.sp-ea-single {background: #efdfd3;}#sp-ea-218.sp-easy-accordion>.sp-ea-single>.ea-header a .ea-expand-icon { float: right; color: #3f673b;font-size: 16px;}#sp-ea-218.sp-easy-accordion>.sp-ea-single>.ea-header a .ea-expand-icon {margin-right: 0;}<\/style><div id=\"sp_easy_accordion-1710517793\"><div id=\"sp-ea-218\" class=\"sp-ea-one sp-easy-accordion\" data-ex-icon=\"minus\" data-col-icon=\"plus\"  data-ea-active=\"ea-click\"  data-ea-mode=\"vertical\" data-preloader=\"\" data-scroll-active-item=\"\" data-offset-to-scroll=\"0\"><div class=\"ea-card ea-expand sp-ea-single\"><h3 class=\"ea-header\"><a class=\"collapsed\" id=\"ea-header-2180\" data-sptoggle=\"spcollapse\" data-sptarget=\"#collapse2180\" aria-controls=\"collapse2180\" href=\"javascript:void(0)\"  aria-expanded=\"true\" tabindex=\"0\"><i class=\"ea-expand-icon ea-icon-expand-minus\"><\/i> Ou \u00eates vous situer ? <\/a><\/h3><div class=\"sp-collapse spcollapse collapsed show\" id=\"collapse2180\" data-parent=\"#sp-ea-218\" role=\"region\" aria-labelledby=\"ea-header-2180\"><div class=\"ea-body\"><p>Nous nous sommes install\u00e9s au Moulin Jobard, \u00e0 52500 PIERREFAITES, en Haute-Marne, avec l\u2019id\u00e9e de cr\u00e9er un endroit de vie pour nous et nos animaux, dans une logique \u00e9cologique, \u00e9conomique, \u00e9thologique et \u00e9thique.<\/p>\n<\/div><\/div><\/div><div class=\"ea-card  sp-ea-single\"><h3 class=\"ea-header\"><a class=\"collapsed\" id=\"ea-header-2181\" data-sptoggle=\"spcollapse\" data-sptarget=\"#collapse2181\" aria-controls=\"collapse2181\" href=\"javascript:void(0)\"  aria-expanded=\"false\" tabindex=\"0\"><i class=\"ea-expand-icon ea-icon-expand-plus\"><\/i> Qu\u2019elle sont vos partenariat ? <\/a><\/h3><div class=\"sp-collapse spcollapse \" id=\"collapse2181\" data-parent=\"#sp-ea-218\" role=\"region\" aria-labelledby=\"ea-header-2181\"><div class=\"ea-body\"><p>Des partenariats avec la LPO, le Conservatoire Botanique, Nature Haute-Marne et le Groupement des AgroBiologistes de Haute-Marne ainsi que le CFPPA de Fayl-Billot nous permettent de faire progresser la richesse de la biodiversit\u00e9 pr\u00e9sente et de partager notre exp\u00e9rience avec d\u2019autres.<\/p>\n<\/div><\/div><\/div><div class=\"ea-card  sp-ea-single\"><h3 class=\"ea-header\"><a class=\"collapsed\" id=\"ea-header-2182\" data-sptoggle=\"spcollapse\" data-sptarget=\"#collapse2182\" aria-controls=\"collapse2182\" href=\"javascript:void(0)\"  aria-expanded=\"false\" tabindex=\"0\"><i class=\"ea-expand-icon ea-icon-expand-plus\"><\/i> Qu\u2019est ce que le moulin Jobard ? <\/a><\/h3><div class=\"sp-collapse spcollapse \" id=\"collapse2182\" data-parent=\"#sp-ea-218\" role=\"region\" aria-labelledby=\"ea-header-2182\"><div class=\"ea-body\"><p>La ferme \u00e9tait rest\u00e9e \u00e0 l\u2019abandon apr\u00e8s une p\u00e9riode de sur-exploitation assez longue. Nous lui avons redonn\u00e9e vie avec un \u00e9levage de ch\u00e8vres de Lorraine, des plantes \u00e0 parfum et m\u00e9dicinales et une activit\u00e9 d\u2019\u00e9quith\u00e9rapie. D\u00e8s le d\u00e9part, nous avons mis en place des m\u00e9thodes de travail visant \u00e0 r\u00e9tablir les \u00e9quilibres des \u00e9cosyst\u00e8mes\u00a0: p\u00e2turage rotationnel, sous-solage en courbes de niveau, cultures sur sol vivant\u2026.<\/p>\n<\/div><\/div><\/div><\/div><\/div>\t\t\t\t<\/div>\n\t\t\t\t<\/div>\n\t\t\t\t\t<\/div>\n\t\t\t\t<\/div>\n\t\t\t\t\t<\/div>\n\t\t\t\t<\/div>\n\t\t\t\t\t<\/div>\n\t\t\t\t<\/div>\n\t\t\t\t<\/div>\n\t\t","protected":false},"excerpt":{"rendered":"<p>Qui somme nous ! Sarah et Dominique D\u00e9couvrez l\u2019histoire de la cr\u00e9ation des savons Gabras Rosas par Sarah et Dominique ! FAQ Les questions Fr\u00e9quentes D\u2019ou vient GabrasRosa ? La savonnerie Gabrasrosa est un projet de couple. Apr\u00e8s une carri\u00e8re de bucheron-sylviculteur, Dominique a eu envie de changer de m\u00e9tier pour se pr\u00e9server physiquement. Pour [&hellip;]<\/p>\n","protected":false},"author":2,"featured_media":0,"parent":0,"menu_order":0,"comment_status":"closed","ping_status":"closed","template":"","meta":{"footnotes":""},"aioseo_notices":[],"yoast_head":"<!-- This site is optimized with the Yoast SEO plugin v23.0 - https:\/\/yoast.com\/wordpress\/plugins\/seo\/ -->\n<title>Notre histoire - gbrefonte.com<\/title>\n<meta name=\"robots\" content=\"index, follow, max-snippet:-1, max-image-preview:large, max-video-preview:-1\" \/>\n<link rel=\"canonical\" href=\"https:\/\/gbrefonte.com\/?page_id=21\" \/>\n<meta property=\"og:locale\" content=\"en_US\" \/>\n<meta property=\"og:type\" content=\"article\" \/>\n<meta property=\"og:title\" content=\"Notre histoire - gbrefonte.com\" \/>\n<meta property=\"og:description\" content=\"Qui somme nous ! Sarah et Dominique D\u00e9couvrez l\u2019histoire de la cr\u00e9ation des savons Gabras Rosas par Sarah et Dominique ! FAQ Les questions Fr\u00e9quentes D\u2019ou vient GabrasRosa ? La savonnerie Gabrasrosa est un projet de couple. Apr\u00e8s une carri\u00e8re de bucheron-sylviculteur, Dominique a eu envie de changer de m\u00e9tier pour se pr\u00e9server physiquement. Pour [&hellip;]\" \/>\n<meta property=\"og:url\" content=\"https:\/\/gbrefonte.com\/?page_id=21\" \/>\n<meta property=\"og:site_name\" content=\"gbrefonte.com\" \/>\n<meta property=\"article:modified_time\" content=\"2024-03-19T09:06:27+00:00\" \/>\n<meta name=\"twitter:card\" content=\"summary_large_image\" \/>\n<meta name=\"twitter:label1\" content=\"Est. reading time\" \/>\n\t<meta name=\"twitter:data1\" content=\"2 minutes\" \/>\n<script type=\"application\/ld+json\" class=\"yoast-schema-graph\">{\"@context\":\"https:\/\/schema.org\",\"@graph\":[{\"@type\":\"WebPage\",\"@id\":\"https:\/\/gbrefonte.com\/?page_id=21\",\"url\":\"https:\/\/gbrefonte.com\/?page_id=21\",\"name\":\"Notre histoire - gbrefonte.com\",\"isPartOf\":{\"@id\":\"https:\/\/gbrefonte.com\/#website\"},\"datePublished\":\"2024-03-12T09:21:15+00:00\",\"dateModified\":\"2024-03-19T09:06:27+00:00\",\"breadcrumb\":{\"@id\":\"https:\/\/gbrefonte.com\/?page_id=21#breadcrumb\"},\"inLanguage\":\"en-US\",\"potentialAction\":[{\"@type\":\"ReadAction\",\"target\":[\"https:\/\/gbrefonte.com\/?page_id=21\"]}]},{\"@type\":\"BreadcrumbList\",\"@id\":\"https:\/\/gbrefonte.com\/?page_id=21#breadcrumb\",\"itemListElement\":[{\"@type\":\"ListItem\",\"position\":1,\"name\":\"Accueil\",\"item\":\"https:\/\/gbrefonte.com\/\"},{\"@type\":\"ListItem\",\"position\":2,\"name\":\"Notre histoire\"}]},{\"@type\":\"WebSite\",\"@id\":\"https:\/\/gbrefonte.com\/#website\",\"url\":\"https:\/\/gbrefonte.com\/\",\"name\":\"gbrefonte.com\",\"description\":\"\",\"potentialAction\":[{\"@type\":\"SearchAction\",\"target\":{\"@type\":\"EntryPoint\",\"urlTemplate\":\"https:\/\/gbrefonte.com\/?s={search_term_string}\"},\"query-input\":\"required name=search_term_string\"}],\"inLanguage\":\"en-US\"}]}<\/script>\n<!-- \/ Yoast SEO plugin. -->","yoast_head_json":{"title":"Notre histoire - gbrefonte.com","robots":{"index":"index","follow":"follow","max-snippet":"max-snippet:-1","max-image-preview":"max-image-preview:large","max-video-preview":"max-video-preview:-1"},"canonical":"https:\/\/gbrefonte.com\/?page_id=21","og_locale":"en_US","og_type":"article","og_title":"Notre histoire - gbrefonte.com","og_description":"Qui somme nous ! Sarah et Dominique D\u00e9couvrez l\u2019histoire de la cr\u00e9ation des savons Gabras Rosas par Sarah et Dominique ! FAQ Les questions Fr\u00e9quentes D\u2019ou vient GabrasRosa ? La savonnerie Gabrasrosa est un projet de couple. Apr\u00e8s une carri\u00e8re de bucheron-sylviculteur, Dominique a eu envie de changer de m\u00e9tier pour se pr\u00e9server physiquement. Pour [&hellip;]","og_url":"https:\/\/gbrefonte.com\/?page_id=21","og_site_name":"gbrefonte.com","article_modified_time":"2024-03-19T09:06:27+00:00","twitter_card":"summary_large_image","twitter_misc":{"Est. reading time":"2 minutes"},"schema":{"@context":"https:\/\/schema.org","@graph":[{"@type":"WebPage","@id":"https:\/\/gbrefonte.com\/?page_id=21","url":"https:\/\/gbrefonte.com\/?page_id=21","name":"Notre histoire - gbrefonte.com","isPartOf":{"@id":"https:\/\/gbrefonte.com\/#website"},"datePublished":"2024-03-12T09:21:15+00:00","dateModified":"2024-03-19T09:06:27+00:00","breadcrumb":{"@id":"https:\/\/gbrefonte.com\/?page_id=21#breadcrumb"},"inLanguage":"en-US","potentialAction":[{"@type":"ReadAction","target":["https:\/\/gbrefonte.com\/?page_id=21"]}]},{"@type":"BreadcrumbList","@id":"https:\/\/gbrefonte.com\/?page_id=21#breadcrumb","itemListElement":[{"@type":"ListItem","position":1,"name":"Accueil","item":"https:\/\/gbrefonte.com\/"},{"@type":"ListItem","position":2,"name":"Notre histoire"}]},{"@type":"WebSite","@id":"https:\/\/gbrefonte.com\/#website","url":"https:\/\/gbrefonte.com\/","name":"gbrefonte.com","description":"","potentialAction":[{"@type":"SearchAction","target":{"@type":"EntryPoint","urlTemplate":"https:\/\/gbrefonte.com\/?s={search_term_string}"},"query-input":"required name=search_term_string"}],"inLanguage":"en-US"}]}},"_links":{"self":[{"href":"https:\/\/gbrefonte.com\/index.php?rest_route=\/wp\/v2\/pages\/21"}],"collection":[{"href":"https:\/\/gbrefonte.com\/index.php?rest_route=\/wp\/v2\/pages"}],"about":[{"href":"https:\/\/gbrefonte.com\/index.php?rest_route=\/wp\/v2\/types\/page"}],"author":[{"embeddable":true,"href":"https:\/\/gbrefonte.com\/index.php?rest_route=\/wp\/v2\/users\/2"}],"replies":[{"embeddable":true,"href":"https:\/\/gbrefonte.com\/index.php?rest_route=%2Fwp%2Fv2%2Fcomments&post=21"}],"version-history":[{"count":37,"href":"https:\/\/gbrefonte.com\/index.php?rest_route=\/wp\/v2\/pages\/21\/revisions"}],"predecessor-version":[{"id":431,"href":"https:\/\/gbrefonte.com\/index.php?rest_route=\/wp\/v2\/pages\/21\/revisions\/431"}],"wp:attachment":[{"href":"https:\/\/gbrefonte.com\/index.php?rest_route=%2Fwp%2Fv2%2Fmedia&parent=21"}],"curies":[{"name":"wp","href":"https:\/\/api.w.org\/{rel}","templated":true}]}}